{"id":3709,"date":"2024-03-13T11:03:04","date_gmt":"2024-03-13T09:03:04","guid":{"rendered":"https:\/\/www.vilpak.lt\/packaging-new\/"},"modified":"2024-11-20T12:35:03","modified_gmt":"2024-11-20T10:35:03","slug":"verpackungen","status":"publish","type":"page","link":"https:\/\/www.vilpak.lt\/de\/verpackungen\/","title":{"rendered":"VERPACKUNGEN"},"content":{"rendered":"\n<h1>\n\t\tUMWELTFREUNDLICHE VERPACKUNG\n\t<\/h1>\n\t\t\t\t<img loading=\"lazy\" decoding=\"async\" src=\"https:\/\/www.vilpak.lt\/wp-content\/uploads\/2024\/03\/Maisto-produktu-pakuotes-BRGS-2023_v5-new-1.png\" alt=\"Maisto-produktu-pakuotes-BRGS-2023_v5-new\" itemprop=\"image\" height=\"514\" width=\"665\" title=\"Maisto-produktu-pakuotes-BRGS-2023_v5-new\" onerror=\"this.style.display='none'\"  \/>\n<h4>\n\t\tLEBENSMITTELVERPACKUNGEN\n\t<\/h4>\n\t\t\t<a href=\"https:\/\/www.vilpak.lt\/de\/verpackungen\/lebensmittelverpackungen\/\" target=\"_self\" rel=\"noopener\">\n\t\t\t\t\t\t\tMEHR\n\t\t\t\t\t<\/a>\n\t\t\t\t<img loading=\"lazy\" decoding=\"async\" src=\"https:\/\/www.vilpak.lt\/wp-content\/uploads\/2023\/11\/Non-food-packaging.png\" alt=\"Non-food-packaging\" itemprop=\"image\" height=\"399\" width=\"453\" title=\"Non-food-packaging\" onerror=\"this.style.display='none'\"  \/>\n<h4>\n\t\tNON-FOOD-VERPACKUNGEN\n\t<\/h4>\n\t\t\t<a href=\"https:\/\/www.vilpak.lt\/de\/verpackungen\/non-food-verpackungen\/\" target=\"_self\" rel=\"noopener\">\n\t\t\t\t\t\t\tMEHR\n\t\t\t\t\t<\/a>\n\t<p>Von Druck bis hin zur Fertigung durch Schneiden, Falten und Kleben sowie hochwertiger Veredelung: Dank moderner Anlagen, kompetentem Personal und effizienten Prozessen sorgt VILPAK daf\u00fcr, dass Ihre Produktverpackungen Qualit\u00e4t, Sicherheit und Nachhaltigkeit aufweisen.<\/p>\n<p>Angeboten werden Lebensmittelverpackungen, Non-Food-Verpackungen, MAP-Siegelschalen aus Karton &#8211; Faltschachteln, Tabletts, Burgerboxen sowie individuelle, einzigartige L\u00f6sungen. Schnell, flexibel und nat\u00fcrlich. Neben professioneller Beratung auch mit anderen Zusatzleistungen.<\/p>\n<h2>\n\t\tUnsere Dienstleistungen\n\t<\/h2>\n\t\t\t\t<img loading=\"lazy\" decoding=\"async\" src=\"https:\/\/www.vilpak.lt\/wp-content\/uploads\/2019\/09\/Folijavimas@4x-1.png\" alt=\"Folijavimas\" itemprop=\"image\" height=\"227\" width=\"220\" title=\"Folijavimas\" onerror=\"this.style.display='none'\"  \/>\n\t<p>Hei\u00dffolienpr\u00e4gung<\/p>\n\t\t\t\t<img loading=\"lazy\" decoding=\"async\" src=\"https:\/\/www.vilpak.lt\/wp-content\/uploads\/2019\/09\/Kongrevas@4x-1.png\" alt=\"Kongrevas\" itemprop=\"image\" height=\"228\" width=\"219\" title=\"Kongrevas\" onerror=\"this.style.display='none'\"  \/>\n\t<p>HOCHPR\u00c4GUNG (Embossing oder Debossing)<\/p>\n\t\t\t\t<img loading=\"lazy\" decoding=\"async\" src=\"https:\/\/www.vilpak.lt\/wp-content\/uploads\/2019\/09\/Sandarinimas@4x_.png\" alt=\"Sandarinimas\" itemprop=\"image\" height=\"225\" width=\"225\" title=\"Sandarinimas\" onerror=\"this.style.display='none'\"  \/>\n\t<p>VERSIEGELUNG<\/p>\n\t\t\t\t<img loading=\"lazy\" decoding=\"async\" src=\"https:\/\/www.vilpak.lt\/wp-content\/uploads\/2019\/09\/Langeliu-iklijavimas@4x-1.png\" alt=\"Langeli\u0173 \u012fklijavimas\" itemprop=\"image\" height=\"227\" width=\"220\" title=\"Langeli\u0173 \u012fklijavimas\" onerror=\"this.style.display='none'\"  \/>\n\t<p>Fenstereinklebung<\/p>\n\t\t\t\t<img loading=\"lazy\" decoding=\"async\" src=\"https:\/\/www.vilpak.lt\/wp-content\/uploads\/2019\/09\/Lankstymas@4x-1.png\" alt=\"Lankstymas\" itemprop=\"image\" height=\"227\" width=\"219\" title=\"Lankstymas\" onerror=\"this.style.display='none'\"  \/>\n\t<p>Falten<\/p>\n\t\t\t\t<img loading=\"lazy\" decoding=\"async\" src=\"https:\/\/www.vilpak.lt\/wp-content\/uploads\/2019\/09\/Bigavimas@4x-1.png\" alt=\"Bigavimas\" itemprop=\"image\" height=\"228\" width=\"280\" title=\"Bigavimas\" onerror=\"this.style.display='none'\"  \/>\n\t<p>Rillen<\/p>\n\t\t\t\t<img loading=\"lazy\" decoding=\"async\" src=\"https:\/\/www.vilpak.lt\/wp-content\/uploads\/2019\/09\/Klijavimas@4x-1.png\" alt=\"Klijavimas iki 6 ta\u0161k\u0173\" itemprop=\"image\" height=\"227\" width=\"219\" title=\"Klijavimas iki 6 ta\u0161k\u0173\" onerror=\"this.style.display='none'\"  \/>\n\t<p>VERKLEBEN, BIS ZU 6 PUNKTE<\/p>\n\t\t\t\t<img loading=\"lazy\" decoding=\"async\" src=\"https:\/\/www.vilpak.lt\/wp-content\/uploads\/2019\/09\/Kitos-paslaugos@4x.png\" alt=\"Kitos pakavimo paslaugos\" itemprop=\"image\" height=\"228\" width=\"220\" title=\"Kitos pakavimo paslaugos\" onerror=\"this.style.display='none'\"  \/>\n\t<p>ANDERE DIENSTLEISTUNGEN<\/p>\n\t<p>BRAUCHEN SIE EINE EINZIGARTIGE L\u00d6SUNG?<\/p>\n\t\t\t<a href=\"\/de\/kontakte\/\" target=\"_self\" rel=\"noopener\">\n\t\t\t\t\t\t\tKONTAKTIEREN SIE UNS\n\t\t\t\t\t<\/a>\n\n","protected":false},"excerpt":{"rendered":"<p>UMWELTFREUNDLICHE VERPACKUNG LEBENSMITTELVERPACKUNGEN MEHR NON-FOOD-VERPACKUNGEN MEHR Von Druck bis hin zur Fertigung durch Schneiden, Falten und Kleben sowie hochwertiger Veredelung: Dank moderner Anlagen, kompetentem Personal und effizienten Prozessen sorgt VILPAK daf\u00fcr, dass Ihre Produktverpackungen Qualit\u00e4t, Sicherheit und Nachhaltigkeit aufweisen. Angeboten werden Lebensmittelverpackungen, Non-Food-Verpackungen, MAP-Siegelschalen aus Karton &#8211; Faltschachteln, Tabletts, Burgerboxen sowie individuelle, einzigartige L\u00f6sungen. Schnell,&hellip;<\/p>\n","protected":false},"author":10,"featured_media":0,"parent":0,"menu_order":0,"comment_status":"closed","ping_status":"closed","template":"","meta":{"footnotes":""},"class_list":["post-3709","page","type-page","status-publish","hentry"],"yoast_head":"<!-- This site is optimized with the Yoast SEO plugin v27.4 - https:\/\/yoast.com\/product\/yoast-seo-wordpress\/ -->\n<title>Umweltfreundliche Verpackungen | VILPAK<\/title>\n<meta name=\"description\" content=\"Von Druck bis hin zur Fertigung durch Schneiden, Falten und Kleben sowie hochwertiger Veredelung\" \/>\n<meta name=\"robots\" content=\"index, follow, max-snippet:-1, max-image-preview:large, max-video-preview:-1\" \/>\n<link rel=\"canonical\" href=\"https:\/\/www.vilpak.lt\/de\/verpackungen\/\" \/>\n<meta property=\"og:locale\" content=\"de_DE\" \/>\n<meta property=\"og:type\" content=\"article\" \/>\n<meta property=\"og:title\" content=\"Umweltfreundliche Verpackungen | VILPAK\" \/>\n<meta property=\"og:description\" content=\"Von Druck bis hin zur Fertigung durch Schneiden, Falten und Kleben sowie hochwertiger Veredelung\" \/>\n<meta property=\"og:url\" content=\"https:\/\/www.vilpak.lt\/de\/verpackungen\/\" \/>\n<meta property=\"og:site_name\" content=\"Vilpak\" \/>\n<meta property=\"article:modified_time\" content=\"2024-11-20T10:35:03+00:00\" \/>\n<meta property=\"og:image\" content=\"https:\/\/www.vilpak.lt\/wp-content\/uploads\/2024\/03\/Maisto-produktu-pakuotes-BRGS-2023_v5-new-1.png\" \/>\n<meta name=\"twitter:card\" content=\"summary_large_image\" \/>\n<meta name=\"twitter:label1\" content=\"Gesch\u00e4tzte Lesezeit\" \/>\n\t<meta name=\"twitter:data1\" content=\"3\u00a0Minuten\" \/>\n<script type=\"application\/ld+json\" class=\"yoast-schema-graph\">{\"@context\":\"https:\\\/\\\/schema.org\",\"@graph\":[{\"@type\":\"WebPage\",\"@id\":\"https:\\\/\\\/www.vilpak.lt\\\/de\\\/verpackungen\\\/\",\"url\":\"https:\\\/\\\/www.vilpak.lt\\\/de\\\/verpackungen\\\/\",\"name\":\"Umweltfreundliche Verpackungen | VILPAK\",\"isPartOf\":{\"@id\":\"https:\\\/\\\/www.vilpak.lt\\\/de\\\/#website\"},\"primaryImageOfPage\":{\"@id\":\"https:\\\/\\\/www.vilpak.lt\\\/de\\\/verpackungen\\\/#primaryimage\"},\"image\":{\"@id\":\"https:\\\/\\\/www.vilpak.lt\\\/de\\\/verpackungen\\\/#primaryimage\"},\"thumbnailUrl\":\"https:\\\/\\\/www.vilpak.lt\\\/wp-content\\\/uploads\\\/2024\\\/03\\\/Maisto-produktu-pakuotes-BRGS-2023_v5-new-1.png\",\"datePublished\":\"2024-03-13T09:03:04+00:00\",\"dateModified\":\"2024-11-20T10:35:03+00:00\",\"description\":\"Von Druck bis hin zur Fertigung durch Schneiden, Falten und Kleben sowie hochwertiger Veredelung\",\"breadcrumb\":{\"@id\":\"https:\\\/\\\/www.vilpak.lt\\\/de\\\/verpackungen\\\/#breadcrumb\"},\"inLanguage\":\"de\",\"potentialAction\":[{\"@type\":\"ReadAction\",\"target\":[\"https:\\\/\\\/www.vilpak.lt\\\/de\\\/verpackungen\\\/\"]}]},{\"@type\":\"ImageObject\",\"inLanguage\":\"de\",\"@id\":\"https:\\\/\\\/www.vilpak.lt\\\/de\\\/verpackungen\\\/#primaryimage\",\"url\":\"https:\\\/\\\/www.vilpak.lt\\\/wp-content\\\/uploads\\\/2024\\\/03\\\/Maisto-produktu-pakuotes-BRGS-2023_v5-new-1.png\",\"contentUrl\":\"https:\\\/\\\/www.vilpak.lt\\\/wp-content\\\/uploads\\\/2024\\\/03\\\/Maisto-produktu-pakuotes-BRGS-2023_v5-new-1.png\"},{\"@type\":\"BreadcrumbList\",\"@id\":\"https:\\\/\\\/www.vilpak.lt\\\/de\\\/verpackungen\\\/#breadcrumb\",\"itemListElement\":[{\"@type\":\"ListItem\",\"position\":1,\"name\":\"Startseite\",\"item\":\"https:\\\/\\\/www.vilpak.lt\\\/de\\\/\"},{\"@type\":\"ListItem\",\"position\":2,\"name\":\"VERPACKUNGEN\"}]},{\"@type\":\"WebSite\",\"@id\":\"https:\\\/\\\/www.vilpak.lt\\\/de\\\/#website\",\"url\":\"https:\\\/\\\/www.vilpak.lt\\\/de\\\/\",\"name\":\"Vilpak\",\"description\":\"\u0160iuolaiki\u0161kos pakuot\u0117s\",\"publisher\":{\"@id\":\"https:\\\/\\\/www.vilpak.lt\\\/de\\\/#organization\"},\"potentialAction\":[{\"@type\":\"SearchAction\",\"target\":{\"@type\":\"EntryPoint\",\"urlTemplate\":\"https:\\\/\\\/www.vilpak.lt\\\/de\\\/?s={search_term_string}\"},\"query-input\":{\"@type\":\"PropertyValueSpecification\",\"valueRequired\":true,\"valueName\":\"search_term_string\"}}],\"inLanguage\":\"de\"},{\"@type\":\"Organization\",\"@id\":\"https:\\\/\\\/www.vilpak.lt\\\/de\\\/#organization\",\"name\":\"Vilpak\",\"url\":\"https:\\\/\\\/www.vilpak.lt\\\/de\\\/\",\"logo\":{\"@type\":\"ImageObject\",\"inLanguage\":\"de\",\"@id\":\"https:\\\/\\\/www.vilpak.lt\\\/de\\\/#\\\/schema\\\/logo\\\/image\\\/\",\"url\":\"https:\\\/\\\/www.vilpak.lt\\\/wp-content\\\/uploads\\\/2018\\\/11\\\/Vilpak-logo@2x.png\",\"contentUrl\":\"https:\\\/\\\/www.vilpak.lt\\\/wp-content\\\/uploads\\\/2018\\\/11\\\/Vilpak-logo@2x.png\",\"width\":755,\"height\":220,\"caption\":\"Vilpak\"},\"image\":{\"@id\":\"https:\\\/\\\/www.vilpak.lt\\\/de\\\/#\\\/schema\\\/logo\\\/image\\\/\"}}]}<\/script>\n<!-- \/ Yoast SEO plugin. -->","yoast_head_json":{"title":"Umweltfreundliche Verpackungen | VILPAK","description":"Von Druck bis hin zur Fertigung durch Schneiden, Falten und Kleben sowie hochwertiger Veredelung","robots":{"index":"index","follow":"follow","max-snippet":"max-snippet:-1","max-image-preview":"max-image-preview:large","max-video-preview":"max-video-preview:-1"},"canonical":"https:\/\/www.vilpak.lt\/de\/verpackungen\/","og_locale":"de_DE","og_type":"article","og_title":"Umweltfreundliche Verpackungen | VILPAK","og_description":"Von Druck bis hin zur Fertigung durch Schneiden, Falten und Kleben sowie hochwertiger Veredelung","og_url":"https:\/\/www.vilpak.lt\/de\/verpackungen\/","og_site_name":"Vilpak","article_modified_time":"2024-11-20T10:35:03+00:00","og_image":[{"url":"https:\/\/www.vilpak.lt\/wp-content\/uploads\/2024\/03\/Maisto-produktu-pakuotes-BRGS-2023_v5-new-1.png","type":"","width":"","height":""}],"twitter_card":"summary_large_image","twitter_misc":{"Gesch\u00e4tzte Lesezeit":"3\u00a0Minuten"},"schema":{"@context":"https:\/\/schema.org","@graph":[{"@type":"WebPage","@id":"https:\/\/www.vilpak.lt\/de\/verpackungen\/","url":"https:\/\/www.vilpak.lt\/de\/verpackungen\/","name":"Umweltfreundliche Verpackungen | VILPAK","isPartOf":{"@id":"https:\/\/www.vilpak.lt\/de\/#website"},"primaryImageOfPage":{"@id":"https:\/\/www.vilpak.lt\/de\/verpackungen\/#primaryimage"},"image":{"@id":"https:\/\/www.vilpak.lt\/de\/verpackungen\/#primaryimage"},"thumbnailUrl":"https:\/\/www.vilpak.lt\/wp-content\/uploads\/2024\/03\/Maisto-produktu-pakuotes-BRGS-2023_v5-new-1.png","datePublished":"2024-03-13T09:03:04+00:00","dateModified":"2024-11-20T10:35:03+00:00","description":"Von Druck bis hin zur Fertigung durch Schneiden, Falten und Kleben sowie hochwertiger Veredelung","breadcrumb":{"@id":"https:\/\/www.vilpak.lt\/de\/verpackungen\/#breadcrumb"},"inLanguage":"de","potentialAction":[{"@type":"ReadAction","target":["https:\/\/www.vilpak.lt\/de\/verpackungen\/"]}]},{"@type":"ImageObject","inLanguage":"de","@id":"https:\/\/www.vilpak.lt\/de\/verpackungen\/#primaryimage","url":"https:\/\/www.vilpak.lt\/wp-content\/uploads\/2024\/03\/Maisto-produktu-pakuotes-BRGS-2023_v5-new-1.png","contentUrl":"https:\/\/www.vilpak.lt\/wp-content\/uploads\/2024\/03\/Maisto-produktu-pakuotes-BRGS-2023_v5-new-1.png"},{"@type":"BreadcrumbList","@id":"https:\/\/www.vilpak.lt\/de\/verpackungen\/#breadcrumb","itemListElement":[{"@type":"ListItem","position":1,"name":"Startseite","item":"https:\/\/www.vilpak.lt\/de\/"},{"@type":"ListItem","position":2,"name":"VERPACKUNGEN"}]},{"@type":"WebSite","@id":"https:\/\/www.vilpak.lt\/de\/#website","url":"https:\/\/www.vilpak.lt\/de\/","name":"Vilpak","description":"\u0160iuolaiki\u0161kos pakuot\u0117s","publisher":{"@id":"https:\/\/www.vilpak.lt\/de\/#organization"},"potentialAction":[{"@type":"SearchAction","target":{"@type":"EntryPoint","urlTemplate":"https:\/\/www.vilpak.lt\/de\/?s={search_term_string}"},"query-input":{"@type":"PropertyValueSpecification","valueRequired":true,"valueName":"search_term_string"}}],"inLanguage":"de"},{"@type":"Organization","@id":"https:\/\/www.vilpak.lt\/de\/#organization","name":"Vilpak","url":"https:\/\/www.vilpak.lt\/de\/","logo":{"@type":"ImageObject","inLanguage":"de","@id":"https:\/\/www.vilpak.lt\/de\/#\/schema\/logo\/image\/","url":"https:\/\/www.vilpak.lt\/wp-content\/uploads\/2018\/11\/Vilpak-logo@2x.png","contentUrl":"https:\/\/www.vilpak.lt\/wp-content\/uploads\/2018\/11\/Vilpak-logo@2x.png","width":755,"height":220,"caption":"Vilpak"},"image":{"@id":"https:\/\/www.vilpak.lt\/de\/#\/schema\/logo\/image\/"}}]}},"_links":{"self":[{"href":"https:\/\/www.vilpak.lt\/de\/wp-json\/wp\/v2\/pages\/3709","targetHints":{"allow":["GET"]}}],"collection":[{"href":"https:\/\/www.vilpak.lt\/de\/wp-json\/wp\/v2\/pages"}],"about":[{"href":"https:\/\/www.vilpak.lt\/de\/wp-json\/wp\/v2\/types\/page"}],"author":[{"embeddable":true,"href":"https:\/\/www.vilpak.lt\/de\/wp-json\/wp\/v2\/users\/10"}],"replies":[{"embeddable":true,"href":"https:\/\/www.vilpak.lt\/de\/wp-json\/wp\/v2\/comments?post=3709"}],"version-history":[{"count":8,"href":"https:\/\/www.vilpak.lt\/de\/wp-json\/wp\/v2\/pages\/3709\/revisions"}],"predecessor-version":[{"id":4000,"href":"https:\/\/www.vilpak.lt\/de\/wp-json\/wp\/v2\/pages\/3709\/revisions\/4000"}],"wp:attachment":[{"href":"https:\/\/www.vilpak.lt\/de\/wp-json\/wp\/v2\/media?parent=3709"}],"curies":[{"name":"wp","href":"https:\/\/api.w.org\/{rel}","templated":true}]}}